{"id":91,"date":"2022-07-04T15:39:29","date_gmt":"2022-07-04T14:39:29","guid":{"rendered":"https:\/\/wp.clemo.xelt.co\/?page_id=91"},"modified":"2022-08-31T22:11:40","modified_gmt":"2022-08-31T21:11:40","slug":"blog","status":"publish","type":"page","link":"https:\/\/buttercut.at\/?page_id=91","title":{"rendered":"Blog"},"content":{"rendered":"<ul class=\"wp-block-latest-posts__list is-grid columns-3 has-dates alignwide is-style-twentytwentyone-latest-posts-borders wp-block-latest-posts\"><li><div class=\"wp-block-latest-posts__featured-image aligncenter\"><img loading=\"lazy\" decoding=\"async\" width=\"150\" height=\"150\" src=\"https:\/\/buttercut.at\/wp-content\/uploads\/2022\/07\/blog_start-scaled-e1657894526941-150x150.jpeg\" class=\"attachment-thumbnail size-thumbnail wp-post-image\" alt=\"\" style=\"width:100%;height:73.38%;max-width:800px;\" \/><\/div><a class=\"wp-block-latest-posts__post-title\" href=\"https:\/\/buttercut.at\/?p=1\">Hello world!<\/a><time datetime=\"2022-07-04T09:12:53+01:00\" class=\"wp-block-latest-posts__post-date\">July 4, 2022<\/time><div class=\"wp-block-latest-posts__post-excerpt\">Noch eine Mental Heath-Seite? Ja! Es geht mir nicht darum eine bessere, informativere oder h\u00fcbschere Seite zu haben, als all jene, die es schon gibt. Diese Seite ist mein pers\u00f6nlicher Weg um Erlebtes zu teilen, f\u00fcr mich wichtige Themen zu behandeln und vielleicht auch einmal die Geschichten anderer zu erz\u00e4hlen,&hellip; <a class=\"more-link\" href=\"https:\/\/buttercut.at\/?p=1\">Continue reading <span class=\"screen-reader-text\">Hello world!<\/span><\/a><\/div><\/li>\n<\/ul>","protected":false},"excerpt":{"rendered":"","protected":false},"author":1,"featured_media":0,"parent":0,"menu_order":1,"comment_status":"open","ping_status":"closed","template":"","meta":{"footnotes":""},"class_list":["post-91","page","type-page","status-publish","hentry","entry"],"_links":{"self":[{"href":"https:\/\/buttercut.at\/index.php?rest_route=\/wp\/v2\/pages\/91","targetHints":{"allow":["GET"]}}],"collection":[{"href":"https:\/\/buttercut.at\/index.php?rest_route=\/wp\/v2\/pages"}],"about":[{"href":"https:\/\/buttercut.at\/index.php?rest_route=\/wp\/v2\/types\/page"}],"author":[{"embeddable":true,"href":"https:\/\/buttercut.at\/index.php?rest_route=\/wp\/v2\/users\/1"}],"replies":[{"embeddable":true,"href":"https:\/\/buttercut.at\/index.php?rest_route=%2Fwp%2Fv2%2Fcomments&post=91"}],"version-history":[{"count":1,"href":"https:\/\/buttercut.at\/index.php?rest_route=\/wp\/v2\/pages\/91\/revisions"}],"predecessor-version":[{"id":93,"href":"https:\/\/buttercut.at\/index.php?rest_route=\/wp\/v2\/pages\/91\/revisions\/93"}],"wp:attachment":[{"href":"https:\/\/buttercut.at\/index.php?rest_route=%2Fwp%2Fv2%2Fmedia&parent=91"}],"curies":[{"name":"wp","href":"https:\/\/api.w.org\/{rel}","templated":true}]}}