{"id":16,"date":"2022-07-04T14:09:52","date_gmt":"2022-07-04T14:09:52","guid":{"rendered":"https:\/\/wp.clemo.xelt.co\/?page_id=16"},"modified":"2022-07-15T22:13:58","modified_gmt":"2022-07-15T21:13:58","slug":"buttercut","status":"publish","type":"page","link":"https:\/\/buttercut.at\/","title":{"rendered":"Buttercut"},"content":{"rendered":"\n<header class=\"wp-block-group alignfull is-style-default has-background has-large-font-size is-content-justification-left is-nowrap is-layout-flex wp-container-core-group-is-layout-85e9d669 wp-block-group-is-layout-flex\" style=\"background:linear-gradient(180deg,rgb(40,48,61) 2%,rgb(209,223,228) 100%);padding-top:100px;padding-right:100px;padding-bottom:100px;padding-left:100px\"><\/header>\n\n\n\n<div class=\"wp-block-cover alignwide is-light is-style-twentytwentyone-border\" style=\"min-height:724px;aspect-ratio:unset;\"><span aria-hidden=\"true\" class=\"wp-block-cover__background has-blue-background-color has-background-dim-80 has-background-dim\"><\/span><img loading=\"lazy\" decoding=\"async\" width=\"1280\" height=\"897\" class=\"wp-block-cover__image-background wp-image-152\" alt=\"\" src=\"https:\/\/buttercut.at\/wp-content\/uploads\/2022\/07\/index_back.png\" style=\"object-position:52% 0%\" data-object-fit=\"cover\" data-object-position=\"52% 0%\" srcset=\"https:\/\/buttercut.at\/wp-content\/uploads\/2022\/07\/index_back.png 1280w, https:\/\/buttercut.at\/wp-content\/uploads\/2022\/07\/index_back-300x210.png 300w, https:\/\/buttercut.at\/wp-content\/uploads\/2022\/07\/index_back-1024x718.png 1024w, https:\/\/buttercut.at\/wp-content\/uploads\/2022\/07\/index_back-768x538.png 768w\" sizes=\"auto, (max-width: 1280px) 100vw, 1280px\" \/><div class=\"wp-block-cover__inner-container is-layout-flow wp-block-cover-is-layout-flow\">\n<p class=\"has-text-align-center has-dark-gray-color has-text-color\" style=\"font-size:56px\">Willkommen<\/p>\n\n\n\n<p class=\"has-text-align-center has-dark-gray-color has-text-color\">Auf meiner Seite unterscheide ich zwischen meinem Blog und meinem Tagebuch. Der Blog dient zur Behandlung von Themen, die mir wichtig sind, und dem Erz\u00e4hlen meiner Geschichte, das Tagebuch ist mein Weg unterschiedliche Erlebnisse in der Klinik, aber auch au\u00dferhalb niederzuschreiben.<\/p>\n\n\n\n<div class=\"wp-block-columns is-layout-flex wp-container-core-columns-is-layout-9d6595d7 wp-block-columns-is-layout-flex\">\n<div class=\"wp-block-column is-vertically-aligned-top is-layout-flow wp-block-column-is-layout-flow\">\n<div class=\"wp-block-buttons is-content-justification-center is-layout-flex wp-container-core-buttons-is-layout-16018d1d wp-block-buttons-is-layout-flex\">\n<div class=\"wp-block-button is-style-fill\"><a class=\"wp-block-button__link has-white-color has-dark-gray-background-color has-text-color has-background\" href=\"https:\/\/wp.clemo.xelt.co\/?page_id=91(opens in a new tab)\" target=\"_blank\" rel=\"noreferrer noopener\">Blog<\/a><\/div>\n<\/div>\n\n\n\n<div class=\"wp-block-buttons is-content-justification-center is-layout-flex wp-container-core-buttons-is-layout-16018d1d wp-block-buttons-is-layout-flex\">\n<div class=\"wp-block-button is-style-fill\"><a class=\"wp-block-button__link has-white-color has-dark-gray-background-color has-text-color has-background\" href=\"https:\/\/wp.clemo.xelt.co\/?page_id=20(opens in a new tab)\" target=\"_blank\" rel=\"noreferrer noopener\">Tagebuch<\/a><\/div>\n<\/div>\n<\/div>\n<\/div>\n<\/div><\/div>\n\n\n\n<div style=\"height:39px\" aria-hidden=\"true\" class=\"wp-block-spacer\"><\/div>\n\n\n\n<h2 class=\"has-text-align-left alignhalf has-black-color has-text-color wp-block-heading\">Neuste Beitr\u00e4ge<\/h2>\n\n\n<ul class=\"wp-block-latest-posts__list has-dates is-style-twentytwentyone-latest-posts-borders wp-block-latest-posts\"><li><div class=\"wp-block-latest-posts__featured-image\"><a href=\"https:\/\/buttercut.at\/?p=1\" aria-label=\"Hello world!\"><img loading=\"lazy\" decoding=\"async\" width=\"750\" height=\"550\" src=\"https:\/\/buttercut.at\/wp-content\/uploads\/2022\/07\/blog_start-1024x751.jpeg\" class=\"attachment-large size-large wp-post-image\" alt=\"\" style=\"width:100%;height:73.38%;max-width:800px;\" srcset=\"https:\/\/buttercut.at\/wp-content\/uploads\/2022\/07\/blog_start-1024x751.jpeg 1024w, https:\/\/buttercut.at\/wp-content\/uploads\/2022\/07\/blog_start-scaled-e1657894526941-300x220.jpeg 300w, https:\/\/buttercut.at\/wp-content\/uploads\/2022\/07\/blog_start-scaled-e1657894526941-768x564.jpeg 768w, https:\/\/buttercut.at\/wp-content\/uploads\/2022\/07\/blog_start-1536x1126.jpeg 1536w, https:\/\/buttercut.at\/wp-content\/uploads\/2022\/07\/blog_start-2048x1502.jpeg 2048w, https:\/\/buttercut.at\/wp-content\/uploads\/2022\/07\/blog_start-1568x1150.jpeg 1568w, https:\/\/buttercut.at\/wp-content\/uploads\/2022\/07\/blog_start-scaled-e1657894526941.jpeg 800w\" sizes=\"auto, (max-width: 750px) 100vw, 750px\" \/><\/a><\/div><a class=\"wp-block-latest-posts__post-title\" href=\"https:\/\/buttercut.at\/?p=1\">Hello world!<\/a><time datetime=\"2022-07-04T09:12:53+01:00\" class=\"wp-block-latest-posts__post-date\">July 4, 2022<\/time><div class=\"wp-block-latest-posts__post-excerpt\">Noch eine Mental Heath-Seite? Ja! Es geht mir nicht darum eine bessere, informativere oder h\u00fcbschere Seite zu haben, als all jene, die es schon gibt. Diese Seite ist mein pers\u00f6nlicher Weg um Erlebtes zu teilen, f\u00fcr mich wichtige Themen zu behandeln und vielleicht auch einmal die Geschichten anderer zu erz\u00e4hlen,&hellip; <a class=\"more-link\" href=\"https:\/\/buttercut.at\/?p=1\">Continue reading <span class=\"screen-reader-text\">Hello world!<\/span><\/a><\/div><\/li>\n<\/ul>","protected":false},"excerpt":{"rendered":"<p>Neuste Beitr\u00e4ge<\/p>\n","protected":false},"author":1,"featured_media":0,"parent":0,"menu_order":0,"comment_status":"closed","ping_status":"closed","template":"","meta":{"footnotes":""},"class_list":["post-16","page","type-page","status-publish","hentry","entry"],"_links":{"self":[{"href":"https:\/\/buttercut.at\/index.php?rest_route=\/wp\/v2\/pages\/16","targetHints":{"allow":["GET"]}}],"collection":[{"href":"https:\/\/buttercut.at\/index.php?rest_route=\/wp\/v2\/pages"}],"about":[{"href":"https:\/\/buttercut.at\/index.php?rest_route=\/wp\/v2\/types\/page"}],"author":[{"embeddable":true,"href":"https:\/\/buttercut.at\/index.php?rest_route=\/wp\/v2\/users\/1"}],"replies":[{"embeddable":true,"href":"https:\/\/buttercut.at\/index.php?rest_route=%2Fwp%2Fv2%2Fcomments&post=16"}],"version-history":[{"count":31,"href":"https:\/\/buttercut.at\/index.php?rest_route=\/wp\/v2\/pages\/16\/revisions"}],"predecessor-version":[{"id":219,"href":"https:\/\/buttercut.at\/index.php?rest_route=\/wp\/v2\/pages\/16\/revisions\/219"}],"wp:attachment":[{"href":"https:\/\/buttercut.at\/index.php?rest_route=%2Fwp%2Fv2%2Fmedia&parent=16"}],"curies":[{"name":"wp","href":"https:\/\/api.w.org\/{rel}","templated":true}]}}