{"id":124,"date":"2022-07-05T07:20:40","date_gmt":"2022-07-05T07:20:40","guid":{"rendered":"https:\/\/wp.clemo.xelt.co\/?page_id=124"},"modified":"2022-07-05T07:26:20","modified_gmt":"2022-07-05T07:26:20","slug":"impressum","status":"publish","type":"page","link":"https:\/\/buttercut.at\/?page_id=124","title":{"rendered":"Impressum"},"content":{"rendered":"\n<p><strong>Die folgenden Angaben entsprechen den Vorgaben von \u00a7 5 TMG:<\/strong><br><strong><br>Kontaktdaten:<\/strong><br>E-Mail-Adresse: buttercut@outlook.at<\/p>\n\n\n\n<p><strong>Haftung f\u00fcr Inhalte:<\/strong><\/p>\n\n\n\n<p>Im Sinne von \u00a7 7 Absatz 1 TMG bin ich f\u00fcr die eigenen Inhalte auf dieser Webseite verantwortlich. Durch \u00a7\u00a7 8 bis einschlie\u00dflich 10 TMG bin ich aber nicht verpflichtet, gespeicherte oder \u00fcbermittelte fremde Inhalte zu \u00fcberwachen oder diese auf Rechtswidrigkeit zu pr\u00fcfen. Das befreit mich jedoch nicht von der Pflicht, der Sperrung und Entfernung von Informationen nach geltenden Gesetzen nachzukommen.<\/p>\n","protected":false},"excerpt":{"rendered":"<p>Die folgenden Angaben entsprechen den Vorgaben von \u00a7 5 TMG:Kontaktdaten:E-Mail-Adresse: buttercut@outlook.at Haftung f\u00fcr Inhalte: Im Sinne von \u00a7 7 Absatz 1 TMG bin ich f\u00fcr die eigenen Inhalte auf dieser Webseite verantwortlich. Durch \u00a7\u00a7 8 bis einschlie\u00dflich 10 TMG bin ich aber nicht verpflichtet, gespeicherte oder \u00fcbermittelte fremde Inhalte zu \u00fcberwachen oder diese auf Rechtswidrigkeit&hellip; <a class=\"more-link\" href=\"https:\/\/buttercut.at\/?page_id=124\">Continue reading <span class=\"screen-reader-text\">Impressum<\/span><\/a><\/p>\n","protected":false},"author":1,"featured_media":0,"parent":0,"menu_order":4,"comment_status":"closed","ping_status":"closed","template":"","meta":{"footnotes":""},"class_list":["post-124","page","type-page","status-publish","hentry","entry"],"_links":{"self":[{"href":"https:\/\/buttercut.at\/index.php?rest_route=\/wp\/v2\/pages\/124","targetHints":{"allow":["GET"]}}],"collection":[{"href":"https:\/\/buttercut.at\/index.php?rest_route=\/wp\/v2\/pages"}],"about":[{"href":"https:\/\/buttercut.at\/index.php?rest_route=\/wp\/v2\/types\/page"}],"author":[{"embeddable":true,"href":"https:\/\/buttercut.at\/index.php?rest_route=\/wp\/v2\/users\/1"}],"replies":[{"embeddable":true,"href":"https:\/\/buttercut.at\/index.php?rest_route=%2Fwp%2Fv2%2Fcomments&post=124"}],"version-history":[{"count":1,"href":"https:\/\/buttercut.at\/index.php?rest_route=\/wp\/v2\/pages\/124\/revisions"}],"predecessor-version":[{"id":126,"href":"https:\/\/buttercut.at\/index.php?rest_route=\/wp\/v2\/pages\/124\/revisions\/126"}],"wp:attachment":[{"href":"https:\/\/buttercut.at\/index.php?rest_route=%2Fwp%2Fv2%2Fmedia&parent=124"}],"curies":[{"name":"wp","href":"https:\/\/api.w.org\/{rel}","templated":true}]}}